{"id":35,"date":"2026-05-05T13:48:07","date_gmt":"2026-05-05T13:48:07","guid":{"rendered":"https:\/\/anettethiensu.com\/?page_id=35"},"modified":"2026-05-05T14:36:22","modified_gmt":"2026-05-05T14:36:22","slug":"dam-edit-chiec-nanh-huyet-khe","status":"publish","type":"page","link":"https:\/\/anettethiensu.com\/?page_id=35","title":{"rendered":"[\u0110AM\/EDIT] CHI\u1ebeC NANH HUY\u1ebeT KH\u1ebe"},"content":{"rendered":"<div class=\"wp-block-image\">\n<figure class=\"aligncenter size-large is-resized\"><img loading=\"lazy\" decoding=\"async\" width=\"642\" height=\"1024\" data-attachment-id=\"37\" data-permalink=\"https:\/\/anettethiensu.com\/?attachment_id=37\" data-orig-file=\"https:\/\/anettethiensu.com\/wp-content\/uploads\/2026\/05\/image1-1-1.png\" data-orig-size=\"1410,2250\" data-comments-opened=\"1\" data-image-meta=\"{&quot;aperture&quot;:&quot;0&quot;,&quot;credit&quot;:&quot;&quot;,&quot;camera&quot;:&quot;&quot;,&quot;caption&quot;:&quot;&quot;,&quot;created_timestamp&quot;:&quot;0&quot;,&quot;copyright&quot;:&quot;&quot;,&quot;focal_length&quot;:&quot;0&quot;,&quot;iso&quot;:&quot;0&quot;,&quot;shutter_speed&quot;:&quot;0&quot;,&quot;title&quot;:&quot;&quot;,&quot;orientation&quot;:&quot;0&quot;}\" data-image-title=\"image1 (1)\" data-image-description=\"\" data-image-caption=\"\" data-large-file=\"https:\/\/anettethiensu.com\/wp-content\/uploads\/2026\/05\/image1-1-1-642x1024.png\" src=\"https:\/\/anettethiensu.com\/wp-content\/uploads\/2026\/05\/image1-1-1-642x1024.png\" alt=\"\" class=\"wp-image-37\" style=\"aspect-ratio:0.6269564238261457;width:338px;height:auto\" srcset=\"https:\/\/anettethiensu.com\/wp-content\/uploads\/2026\/05\/image1-1-1-642x1024.png 642w, https:\/\/anettethiensu.com\/wp-content\/uploads\/2026\/05\/image1-1-1-188x300.png 188w, https:\/\/anettethiensu.com\/wp-content\/uploads\/2026\/05\/image1-1-1-768x1226.png 768w, https:\/\/anettethiensu.com\/wp-content\/uploads\/2026\/05\/image1-1-1-963x1536.png 963w, https:\/\/anettethiensu.com\/wp-content\/uploads\/2026\/05\/image1-1-1-1283x2048.png 1283w, https:\/\/anettethiensu.com\/wp-content\/uploads\/2026\/05\/image1-1-1-1024x1634.png 1024w, https:\/\/anettethiensu.com\/wp-content\/uploads\/2026\/05\/image1-1-1.png 1410w\" sizes=\"auto, (max-width: 642px) 100vw, 642px\" \/><\/figure>\n<\/div>\n\n\n<p class=\"has-text-align-center\">T\u00ean g\u1ed1c tr\u00ean wiki: Kh\u1ebf huy\u1ebft chi nha.<br>T\u00e1c gi\u1ea3: Quy H\u1ea1c Vi\u1ec5n S\u01a1n.<br>Bi\u00ean t\u1eadp: Angel Anette.<\/p>\n\n\n\n<p><strong>Tag<\/strong>: Hi\u1ec7n \u0111\u1ea1i, Ni\u00ean th\u01b0\u1ee3ng, Ch\u1ee7 c\u00f4ng, C\u01b0\u1eddng c\u01b0\u1eddng, M\u1ef9 c\u01b0\u1eddng, T\u00ecnh c\u1ea3m, Ng\u1ecdt s\u1ee7ng, ph\u01b0\u01a1ng T\u00e2y, Vampire, HSTC nhi\u1ec1u, thi\u00ean s\u1ee7ng c\u00f4ng.<\/p>\n\n\n\n<p>B\u0103ng s\u01a1n ng\u1ee7 m\u1ef9 nh\u00e2n nh\u00e2n lo\u1ea1i c\u00f4ng x \u0110\u1ed1i ngo\u1ea1i cu\u1ed3ng ng\u1ea1o \u0111\u1ed1i c\u00f4ng trung khuy\u1ec3n vampire th\u1ee5.<\/p>\n\n\n\n<p><strong>Couple<\/strong>: Chung \u00c1nh Nhai (C\u00f4ng) x Commus (Th\u1ee5)<\/p>\n\n\n\n<p>\u0110\u1ed9 d\u00e0i: 26 ch\u01b0\u01a1ng + 4 phi\u00ean ngo\u1ea1i.<\/p>\n\n\n\n<p>&#8230;<\/p>\n\n\n\n<p>(B\u1ea3n d\u1ecbch phi th\u01b0\u01a1ng m\u1ea1i \u2013 Ch\u01b0a c\u00f3 s\u1ef1 \u0111\u1ed3ng \u00fd c\u1ee7a t\u00e1c gi\u1ea3. Truy\u1ec7n \u0111\u01b0\u1ee3c \u0111\u0103ng DUY NH\u1ea4T tr\u00ean Wattpad. Xin vui l\u00f2ng kh\u00f4ng mang \u0111i n\u01a1i kh\u00e1c!)<\/p>\n\n\n\n<p class=\"has-text-align-center\"><strong>V\u0102N \u00c1N<\/strong><\/p>\n\n\n\n<p>Nghe \u0111\u1ed3n, \u0110\u1ea1i c\u00f4ng t\u01b0\u1edbc ma c\u00e0 r\u1ed3ng c\u00f3 m\u1ed9t v\u1ecb b\u1ea1n \u0111\u1eddi nh\u00e2n lo\u1ea1i h\u00e0ng n\u0103m ng\u1ee7 say.<\/p>\n\n\n\n<p>B\u1edfi m\u1ed9t s\u1ef1 t\u00ecnh ngo\u00e0i \u00fd mu\u1ed1n, Wood \u0111\u00e3 quen bi\u1ebft b\u1ecdn h\u1ecd, t\u1eeb \u0111\u00f3 m\u1edbi bi\u1ebft \u0111\u01b0\u1ee3c s\u1ef1 t\u00ecnh kh\u00f4ng ch\u1ec9 \u0111\u01a1n gi\u1ea3n nh\u01b0 v\u1eady&#8230;<\/p>\n\n\n\n<p>&#8230;<\/p>\n\n\n\n<p>C\u00e2u chuy\u1ec7n v\u1ec1 m\u1ed9t nh\u00e2n lo\u1ea1i mang trong m\u00ecnh m\u1ed9t n\u1eeda d\u00f2ng m\u00e1u c\u1ee7a Th\u1ea7n ph\u01b0\u01a1ng \u0110\u00f4ng t\u00ecm v\u1ec1 V\u00f9ng \u0111\u1ea5t Th\u1ea7n linh, t\u00ecm v\u1ec1 qu\u00ea h\u01b0\u01a1ng thu\u1ed9c v\u1ec1 m\u00ecnh, n\u00e0o ng\u1edd t\u1eeb b\u1ea5y l\u00e2u nay, \u0111\u1ee9a nh\u1ecf ma c\u00e0 r\u1ed3ng \u0111\u01b0\u1ee3c y nu\u00f4i l\u1edbn v\u1eabn lu\u00f4n xem y l\u00e0 nh\u00e0, l\u00e0 ch\u1ee7 nh\u00e2n, l\u00e0 ng\u01b0\u1eddi y\u00eau, l\u00e0 t\u1ea5t c\u1ea3.<\/p>\n\n\n\n<p>M\u1ed9t c\u00e2u t\u00f3m t\u1eaft: C\u1ef1c L\u1ea1c do t\u00e2m, qu\u00fd tr\u1ecdng \u0111i\u1ec1u tr\u01b0\u1edbc m\u1eaft.<\/p>\n\n\n\n<p>Ni\u00ean th\u01b0\u1ee3ng c\u01b0\u1eddng c\u01b0\u1eddng. Ng\u01b0\u1ee3c th\u00e2n c\u00f4ng. C\u00f4ng ch\u1ec9 khi ph\u00e1t b\u1ec7nh m\u1edbi th\u1ec3 nh\u01b0\u1ee3c. \u0110\u01b0\u1ee3c s\u1ee7ng \u00e1i c\u00f4ng.<\/p>\n\n\n\n<p>\u0110\u1ecdc k\u1ef9 h\u01b0\u1edbng d\u1eabn s\u1eed d\u1ee5ng tr\u01b0\u1edbc khi d\u00f9ng~<\/p>\n\n\n\n<p>Ch\u00fac m\u1ecdi ng\u01b0\u1eddi \u0111\u1ecdc truy\u1ec7n vui v\u1ebb!^^<\/p>\n\n\n\n<div class=\"novel-toc\">\n    <div class=\"toc-header\" style=\"text-align: center;\">\n    <h3>DANH S\u00c1CH CH\u01af\u01a0NG<\/h3>\n    <\/div>\n    \n    <div class=\"toc-grid\">\n        <!-- M\u1ed7i th\u1ebb <a> l\u00e0 m\u1ed9t ch\u01b0\u01a1ng -->\n        <a href=\"link-den-chuong-1\" class=\"toc-item\">Ch\u01b0\u01a1ng 1<\/a>\n        <a href=\"link-den-chuong-2\" class=\"toc-item\">Ch\u01b0\u01a1ng 2<\/a>\n        <a href=\"link-den-chuong-3\" class=\"toc-item\">Ch\u01b0\u01a1ng 3<\/a>\n        <a href=\"#\" class=\"toc-item\">Ch\u01b0\u01a1ng 4<\/a>\n        <a href=\"#\" class=\"toc-item\">Ch\u01b0\u01a1ng 5<\/a>\n        <a href=\"#\" class=\"toc-item\">Ch\u01b0\u01a1ng 6<\/a>\n<a href=\"#\" class=\"toc-item\">Ch\u01b0\u01a1ng 7<\/a>\n        <a href=\"#\" class=\"toc-item\">Ch\u01b0\u01a1ng 8<\/a>\n        <a href=\"#\" class=\"toc-item\">Ch\u01b0\u01a1ng 9<\/a>\n<a href=\"#\" class=\"toc-item\">Ch\u01b0\u01a1ng 10<\/a>\n        <a href=\"#\" class=\"toc-item\">Ch\u01b0\u01a1ng 11<\/a>\n        <a href=\"#\" class=\"toc-item\">Ch\u01b0\u01a1ng 12<\/a>\n<a href=\"#\" class=\"toc-item\">Ch\u01b0\u01a1ng 13<\/a>\n        <a href=\"#\" class=\"toc-item\">Ch\u01b0\u01a1ng 14<\/a>\n        <a href=\"#\" class=\"toc-item\">Ch\u01b0\u01a1ng 15<\/a>\n<a href=\"#\" class=\"toc-item\">Ch\u01b0\u01a1ng 16<\/a>\n        <a href=\"#\" class=\"toc-item\">Ch\u01b0\u01a1ng 17<\/a>\n        <a href=\"#\" class=\"toc-item\">Ch\u01b0\u01a1ng 18<\/a>\n        <!-- B\u1ea1n c\u1ee9 copy th\u00eam c\u00e1c d\u00f2ng <a> nh\u01b0 tr\u00ean -->\n    <\/div>\n<\/div>\n\n<style>\n.novel-toc {\n    background: #fff;\n    border: 1px solid #eee;\n    padding: 20px;\n    border-radius: 8px;\n    box-shadow: 0 2px 10px rgba(0,0,0,0.05);\n}\n\n.toc-header {\n    border-bottom: 2px solid #ff9999;\n    margin-bottom: 20px;\n    padding-bottom: 10px;\n}\n\n.toc-header h3 {\n    margin: 0;\n    color: #ff9999;\n    font-size: 20px;\n    text-transform: uppercase;\n}\n\n\/* Chia c\u1ed9t cho danh s\u00e1ch ch\u01b0\u01a1ng *\/\n.toc-grid {\n    display: grid;\n    grid-template-columns: repeat(auto-fill, minmax(250px, 1fr)); \/* T\u1ef1 \u0111\u1ed9ng chia c\u1ed9t theo chi\u1ec1u r\u1ed9ng *\/\n    gap: 10px;\n}\n\n.toc-item {\n    display: block;\n    padding: 10px 15px;\n    background: #fdfdfd;\n    border: 1px solid #f0f0f0;\n    border-radius: 4px;\n    text-decoration: none !important; \/* B\u1ecf g\u1ea1ch ch\u00e2n *\/\n    color: #444 !important;\n    font-size: 15px;\n    transition: all 0.3s ease;\n    white-space: nowrap;\n    overflow: hidden;\n    text-overflow: ellipsis; \/* N\u1ebfu t\u00ean ch\u01b0\u01a1ng d\u00e0i qu\u00e1 s\u1ebd c\u00f3 d\u1ea5u ... *\/\n}\n\n\/* Hi\u1ec7u \u1ee9ng khi di chu\u1ed9t v\u00e0o ch\u01b0\u01a1ng *\/\n.toc-item:hover {\n    background: #0073aa;\n    color: #fff !important;\n    border-color: #0073aa;\n    padding-left: 20px; \/* Nh\u00edch nh\u1eb9 sang ph\u1ea3i cho \u0111\u1eb9p *\/\n}\n\n\/* Responsive cho \u0111i\u1ec7n tho\u1ea1i *\/\n@media (max-width: 600px) {\n    .toc-grid {\n        grid-template-columns: 1fr; \/* Mobile th\u00ec hi\u1ec7n 1 c\u1ed9t d\u1ecdc *\/\n    }\n}\n<\/style>\n\n\n<div class=\"wp-block-comments-wpdiscuz is-layout-flow wp-block-comments-wpdiscuz-is-layout-flow\"><div><\/div><\/div>\n\n\n<p><\/p>\n","protected":false},"excerpt":{"rendered":"<p>T\u00ean g\u1ed1c tr\u00ean wiki: Kh\u1ebf huy\u1ebft chi nha.T\u00e1c gi\u1ea3: Quy H\u1ea1c Vi\u1ec5n S\u01a1n.Bi\u00ean t\u1eadp: Angel Anette. Tag: Hi\u1ec7n \u0111\u1ea1i, Ni\u00ean th\u01b0\u1ee3ng, Ch\u1ee7 c\u00f4ng, C\u01b0\u1eddng c\u01b0\u1eddng, M\u1ef9 c\u01b0\u1eddng, T\u00ecnh c\u1ea3m, Ng\u1ecdt s\u1ee7ng, ph\u01b0\u01a1ng T\u00e2y, Vampire, HSTC nhi\u1ec1u, thi\u00ean s\u1ee7ng c\u00f4ng. B\u0103ng s\u01a1n ng\u1ee7 m\u1ef9 nh\u00e2n nh\u00e2n lo\u1ea1i c\u00f4ng x \u0110\u1ed1i ngo\u1ea1i cu\u1ed3ng ng\u1ea1o \u0111\u1ed1i c\u00f4ng trung [&hellip;]<\/p>\n","protected":false},"author":1,"featured_media":0,"parent":0,"menu_order":0,"comment_status":"open","ping_status":"closed","template":"","meta":{"footnotes":""},"class_list":["post-35","page","type-page","status-publish","hentry"],"jetpack_sharing_enabled":true,"jetpack_likes_enabled":true,"post_mailing_queue_ids":[],"_links":{"self":[{"href":"https:\/\/anettethiensu.com\/index.php?rest_route=\/wp\/v2\/pages\/35","targetHints":{"allow":["GET"]}}],"collection":[{"href":"https:\/\/anettethiensu.com\/index.php?rest_route=\/wp\/v2\/pages"}],"about":[{"href":"https:\/\/anettethiensu.com\/index.php?rest_route=\/wp\/v2\/types\/page"}],"author":[{"embeddable":true,"href":"https:\/\/anettethiensu.com\/index.php?rest_route=\/wp\/v2\/users\/1"}],"replies":[{"embeddable":true,"href":"https:\/\/anettethiensu.com\/index.php?rest_route=%2Fwp%2Fv2%2Fcomments&post=35"}],"version-history":[{"count":8,"href":"https:\/\/anettethiensu.com\/index.php?rest_route=\/wp\/v2\/pages\/35\/revisions"}],"predecessor-version":[{"id":50,"href":"https:\/\/anettethiensu.com\/index.php?rest_route=\/wp\/v2\/pages\/35\/revisions\/50"}],"wp:attachment":[{"href":"https:\/\/anettethiensu.com\/index.php?rest_route=%2Fwp%2Fv2%2Fmedia&parent=35"}],"curies":[{"name":"wp","href":"https:\/\/api.w.org\/{rel}","templated":true}]}}